{"id":1954,"date":"2022-02-01T12:44:17","date_gmt":"2022-02-01T12:44:17","guid":{"rendered":"http:\/\/russelleatonhair.com\/shop\/?post_type=product&#038;p=1954"},"modified":"2026-01-09T16:00:05","modified_gmt":"2026-01-09T16:00:05","slug":"chronologiste-thermique-blow-dry-cream","status":"publish","type":"product","link":"https:\/\/russelleatonhair.com\/shop\/product\/chronologiste-thermique-blow-dry-cream\/","title":{"rendered":"THERMIQUE R\u00c9G\u00c9N\u00c9RANT BLOW-DRY CREAM 150ml"},"content":{"rendered":"<p>Youth revitalizing blow-dry care to smooth and refine fiber texture. Infused with hyaluronic acid, abyssine and vitamin E, the formula fights the signs of aging scalp and hair. Thermique R\u00e9g\u00e9n\u00e9rant provides heat protection up to 230\u00b0C and 24 hour frizz-control. Styling is facilitated for youthful bounce and voluptuosity. Infused with the signature Chronologiste scent of fine fragrances, including tea rose, light woods and musk. Thermique R\u00e9g\u00e9n\u00e9rant is a luxurious sensorial experience.<\/p>\n","protected":false},"excerpt":{"rendered":"<p>Youth revitalizing blow-dry care to smooth and refine fiber texture. Infused with hyaluronic acid, abyssine and vitamin E, the formula fights the signs of aging scalp and hair. Thermique R\u00e9g\u00e9n\u00e9rant provides heat protection up to 230\u00b0C and 24 hour frizz-control. Styling is facilitated for youthful bounce and voluptuosity. Infused with the signature Chronologiste scent of [&hellip;]<\/p>\n","protected":false},"featured_media":2249,"template":"","meta":{"_acf_changed":false,"site-sidebar-layout":"default","site-content-layout":"default","ast-site-content-layout":"default","site-content-style":"default","site-sidebar-style":"default","ast-global-header-display":"","ast-banner-title-visibility":"","ast-main-header-display":"","ast-hfb-above-header-display":"","ast-hfb-below-header-display":"","ast-hfb-mobile-header-display":"","site-post-title":"","ast-breadcrumbs-content":"","ast-featured-img":"","footer-sml-layout":"","ast-disable-related-posts":"","theme-transparent-header-meta":"default","adv-header-id-meta":"","stick-header-meta":"default","header-above-stick-meta":"","header-main-stick-meta":"","header-below-stick-meta":"","astra-migrate-meta-layouts":"default","ast-page-background-enabled":"default","ast-page-background-meta":{"desktop":{"background-color":"","background-image":"","background-repeat":"repeat","background-position":"center center","background-size":"auto","background-attachment":"scroll","background-type":"","background-media":"","overlay-type":"","overlay-color":"","overlay-opacity":"","overlay-gradient":""},"tablet":{"background-color":"","background-image":"","background-repeat":"repeat","background-position":"center center","background-size":"auto","background-attachment":"scroll","background-type":"","background-media":"","overlay-type":"","overlay-color":"","overlay-opacity":"","overlay-gradient":""},"mobile":{"background-color":"","background-image":"","background-repeat":"repeat","background-position":"center center","background-size":"auto","background-attachment":"scroll","background-type":"","background-media":"","overlay-type":"","overlay-color":"","overlay-opacity":"","overlay-gradient":""}},"ast-content-background-meta":{"desktop":{"background-color":"var(--ast-global-color-5)","background-image":"","background-repeat":"repeat","background-position":"center center","background-size":"auto","background-attachment":"scroll","background-type":"","background-media":"","overlay-type":"","overlay-color":"","overlay-opacity":"","overlay-gradient":""},"tablet":{"background-color":"var(--ast-global-color-5)","background-image":"","background-repeat":"repeat","background-position":"center center","background-size":"auto","background-attachment":"scroll","background-type":"","background-media":"","overlay-type":"","overlay-color":"","overlay-opacity":"","overlay-gradient":""},"mobile":{"background-color":"var(--ast-global-color-5)","background-image":"","background-repeat":"repeat","background-position":"center center","background-size":"auto","background-attachment":"scroll","background-type":"","background-media":"","overlay-type":"","overlay-color":"","overlay-opacity":"","overlay-gradient":""}}},"product_brand":[],"product_cat":[55,58,77],"product_tag":[],"class_list":{"0":"post-1954","1":"product","2":"type-product","3":"status-publish","4":"has-post-thumbnail","6":"product_cat-hair-styling","7":"product_cat-heat-protection","8":"product_cat-kerastase","9":"desktop-align-left","10":"tablet-align-left","11":"mobile-align-left","13":"first","14":"instock","15":"taxable","16":"shipping-taxable","17":"purchasable","18":"product-type-simple"},"acf":[],"_links":{"self":[{"href":"https:\/\/russelleatonhair.com\/shop\/wp-json\/wp\/v2\/product\/1954","targetHints":{"allow":["GET"]}}],"collection":[{"href":"https:\/\/russelleatonhair.com\/shop\/wp-json\/wp\/v2\/product"}],"about":[{"href":"https:\/\/russelleatonhair.com\/shop\/wp-json\/wp\/v2\/types\/product"}],"version-history":[{"count":4,"href":"https:\/\/russelleatonhair.com\/shop\/wp-json\/wp\/v2\/product\/1954\/revisions"}],"predecessor-version":[{"id":2903,"href":"https:\/\/russelleatonhair.com\/shop\/wp-json\/wp\/v2\/product\/1954\/revisions\/2903"}],"wp:featuredmedia":[{"embeddable":true,"href":"https:\/\/russelleatonhair.com\/shop\/wp-json\/wp\/v2\/media\/2249"}],"wp:attachment":[{"href":"https:\/\/russelleatonhair.com\/shop\/wp-json\/wp\/v2\/media?parent=1954"}],"wp:term":[{"taxonomy":"product_brand","embeddable":true,"href":"https:\/\/russelleatonhair.com\/shop\/wp-json\/wp\/v2\/product_brand?post=1954"},{"taxonomy":"product_cat","embeddable":true,"href":"https:\/\/russelleatonhair.com\/shop\/wp-json\/wp\/v2\/product_cat?post=1954"},{"taxonomy":"product_tag","embeddable":true,"href":"https:\/\/russelleatonhair.com\/shop\/wp-json\/wp\/v2\/product_tag?post=1954"}],"curies":[{"name":"wp","href":"https:\/\/api.w.org\/{rel}","templated":true}]}}