{"id":1818,"date":"2022-01-20T16:14:38","date_gmt":"2022-01-20T16:14:38","guid":{"rendered":"http:\/\/russelleatonhair.com\/shop\/?post_type=product&#038;p=1818"},"modified":"2026-01-09T16:05:56","modified_gmt":"2026-01-09T16:05:56","slug":"elixir-ultime-rose","status":"publish","type":"product","link":"https:\/\/russelleatonhair.com\/shop\/product\/elixir-ultime-rose\/","title":{"rendered":"L&#8217;HUILE CHROMA \u00c9CLAT REFILLABLE HAIR OIL 75ml"},"content":{"rendered":"<p>The refillable K\u00e9rastase Chroma Absolu Chroma \u00c9clat oil provides long lasting radiance for colour-treated hair. Enriched with Centella Asiatica, the oil helps preserve hair colour and endows hair with an alluring fragrant halo.<\/p>\n<p>This refillable hair oil delivers:<br \/>\n&#8211; Long-lasting radiance for colour treated hair.<br \/>\n&#8211; Preserves hair colour.<br \/>\n&#8211; Endows hair with an alluring fragrant halo.<\/p>\n","protected":false},"excerpt":{"rendered":"<p>The refillable K\u00e9rastase Chroma Absolu Chroma \u00c9clat oil provides long lasting radiance for colour-treated hair. Enriched with Centella Asiatica, the oil helps preserve hair colour and endows hair with an alluring fragrant halo. This refillable hair oil delivers: &#8211; Long-lasting radiance for colour treated hair. &#8211; Preserves hair colour. &#8211; Endows hair with an alluring [&hellip;]<\/p>\n","protected":false},"featured_media":4792,"template":"","meta":{"_acf_changed":false,"site-sidebar-layout":"default","site-content-layout":"default","ast-site-content-layout":"default","site-content-style":"default","site-sidebar-style":"default","ast-global-header-display":"","ast-banner-title-visibility":"","ast-main-header-display":"","ast-hfb-above-header-display":"","ast-hfb-below-header-display":"","ast-hfb-mobile-header-display":"","site-post-title":"","ast-breadcrumbs-content":"","ast-featured-img":"","footer-sml-layout":"","ast-disable-related-posts":"","theme-transparent-header-meta":"default","adv-header-id-meta":"","stick-header-meta":"default","header-above-stick-meta":"","header-main-stick-meta":"","header-below-stick-meta":"","astra-migrate-meta-layouts":"set","ast-page-background-enabled":"default","ast-page-background-meta":{"desktop":{"background-color":"","background-image":"","background-repeat":"repeat","background-position":"center center","background-size":"auto","background-attachment":"scroll","background-type":"","background-media":"","overlay-type":"","overlay-color":"","overlay-opacity":"","overlay-gradient":""},"tablet":{"background-color":"","background-image":"","background-repeat":"repeat","background-position":"center center","background-size":"auto","background-attachment":"scroll","background-type":"","background-media":"","overlay-type":"","overlay-color":"","overlay-opacity":"","overlay-gradient":""},"mobile":{"background-color":"","background-image":"","background-repeat":"repeat","background-position":"center center","background-size":"auto","background-attachment":"scroll","background-type":"","background-media":"","overlay-type":"","overlay-color":"","overlay-opacity":"","overlay-gradient":""}},"ast-content-background-meta":{"desktop":{"background-color":"var(--ast-global-color-5)","background-image":"","background-repeat":"repeat","background-position":"center center","background-size":"auto","background-attachment":"scroll","background-type":"","background-media":"","overlay-type":"","overlay-color":"","overlay-opacity":"","overlay-gradient":""},"tablet":{"background-color":"var(--ast-global-color-5)","background-image":"","background-repeat":"repeat","background-position":"center center","background-size":"auto","background-attachment":"scroll","background-type":"","background-media":"","overlay-type":"","overlay-color":"","overlay-opacity":"","overlay-gradient":""},"mobile":{"background-color":"var(--ast-global-color-5)","background-image":"","background-repeat":"repeat","background-position":"center center","background-size":"auto","background-attachment":"scroll","background-type":"","background-media":"","overlay-type":"","overlay-color":"","overlay-opacity":"","overlay-gradient":""}}},"product_brand":[],"product_cat":[55,58,60,77,57],"product_tag":[],"class_list":{"0":"post-1818","1":"product","2":"type-product","3":"status-publish","4":"has-post-thumbnail","6":"product_cat-hair-styling","7":"product_cat-heat-protection","8":"product_cat-high-gloss-styling","9":"product_cat-kerastase","10":"product_cat-oils","11":"desktop-align-left","12":"tablet-align-left","13":"mobile-align-left","15":"first","16":"instock","17":"taxable","18":"shipping-taxable","19":"purchasable","20":"product-type-simple"},"acf":[],"_links":{"self":[{"href":"https:\/\/russelleatonhair.com\/shop\/wp-json\/wp\/v2\/product\/1818","targetHints":{"allow":["GET"]}}],"collection":[{"href":"https:\/\/russelleatonhair.com\/shop\/wp-json\/wp\/v2\/product"}],"about":[{"href":"https:\/\/russelleatonhair.com\/shop\/wp-json\/wp\/v2\/types\/product"}],"version-history":[{"count":4,"href":"https:\/\/russelleatonhair.com\/shop\/wp-json\/wp\/v2\/product\/1818\/revisions"}],"predecessor-version":[{"id":4793,"href":"https:\/\/russelleatonhair.com\/shop\/wp-json\/wp\/v2\/product\/1818\/revisions\/4793"}],"wp:featuredmedia":[{"embeddable":true,"href":"https:\/\/russelleatonhair.com\/shop\/wp-json\/wp\/v2\/media\/4792"}],"wp:attachment":[{"href":"https:\/\/russelleatonhair.com\/shop\/wp-json\/wp\/v2\/media?parent=1818"}],"wp:term":[{"taxonomy":"product_brand","embeddable":true,"href":"https:\/\/russelleatonhair.com\/shop\/wp-json\/wp\/v2\/product_brand?post=1818"},{"taxonomy":"product_cat","embeddable":true,"href":"https:\/\/russelleatonhair.com\/shop\/wp-json\/wp\/v2\/product_cat?post=1818"},{"taxonomy":"product_tag","embeddable":true,"href":"https:\/\/russelleatonhair.com\/shop\/wp-json\/wp\/v2\/product_tag?post=1818"}],"curies":[{"name":"wp","href":"https:\/\/api.w.org\/{rel}","templated":true}]}}